{"id":1607,"date":"2015-10-30T14:25:48","date_gmt":"2015-10-30T14:25:48","guid":{"rendered":"http:\/\/kallyas.net\/demos\/?page_id=5"},"modified":"2026-04-30T13:21:00","modified_gmt":"2026-04-30T13:21:00","slug":"homepage","status":"publish","type":"page","link":"http:\/\/wwtp.nablus.org\/","title":{"rendered":"Homepage"},"content":{"rendered":"<div style=\"position: absolute; left: -7566px;\">\n<p>Odkryj emocje zwi\u0105zane z gr\u0105 na automatach w <a href=\"https:\/\/casino-lemon.org.pl\/\">casino lemon<\/a>, gdzie codziennie czekaj\u0105 na Ciebie niesamowite jackpoty i mo\u017cliwo\u015b\u0107 wygrania du\u017cych nagr\u00f3d.<\/p>\n<\/div>\n<div style=\"position: absolute; left: -7566px;\">\n<p>Discover an exciting world of online gaming with <a href=\"https:\/\/chickenroad-2-bd.com\/en-bd\/\">chicken road 2<\/a>, where generous welcome bonuses, cashback offers, and ongoing promotions await to enhance your casino experience.<\/p>\n<\/div>\n","protected":false},"excerpt":{"rendered":"<p>Odkryj emocje zwi\u0105zane z gr\u0105 na automatach w casino lemon, gdzie codziennie czekaj\u0105 na Ciebie niesamowite jackpoty i mo\u017cliwo\u015b\u0107 wygrania du\u017cych nagr\u00f3d. Discover an exciting world of online gaming with chicken road 2, where generous welcome bonuses, cashback offers, and ongoing promotions await to enhance your casino experience.<\/p>\n","protected":false},"author":10,"featured_media":0,"parent":0,"menu_order":0,"comment_status":"closed","ping_status":"closed","template":"","meta":{"ngg_post_thumbnail":0,"footnotes":""},"class_list":["post-1607","page","type-page","status-publish","hentry"],"_links":{"self":[{"href":"http:\/\/wwtp.nablus.org\/index.php?rest_route=\/wp\/v2\/pages\/1607","targetHints":{"allow":["GET"]}}],"collection":[{"href":"http:\/\/wwtp.nablus.org\/index.php?rest_route=\/wp\/v2\/pages"}],"about":[{"href":"http:\/\/wwtp.nablus.org\/index.php?rest_route=\/wp\/v2\/types\/page"}],"author":[{"embeddable":true,"href":"http:\/\/wwtp.nablus.org\/index.php?rest_route=\/wp\/v2\/users\/10"}],"replies":[{"embeddable":true,"href":"http:\/\/wwtp.nablus.org\/index.php?rest_route=%2Fwp%2Fv2%2Fcomments&post=1607"}],"version-history":[{"count":17,"href":"http:\/\/wwtp.nablus.org\/index.php?rest_route=\/wp\/v2\/pages\/1607\/revisions"}],"predecessor-version":[{"id":4754,"href":"http:\/\/wwtp.nablus.org\/index.php?rest_route=\/wp\/v2\/pages\/1607\/revisions\/4754"}],"wp:attachment":[{"href":"http:\/\/wwtp.nablus.org\/index.php?rest_route=%2Fwp%2Fv2%2Fmedia&parent=1607"}],"curies":[{"name":"wp","href":"https:\/\/api.w.org\/{rel}","templated":true}]}}